{"id":5159,"date":"2020-02-10T13:44:01","date_gmt":"2020-02-10T12:44:01","guid":{"rendered":"https:\/\/gth.ch\/inscription\/"},"modified":"2024-04-09T13:08:36","modified_gmt":"2024-04-09T11:08:36","slug":"inscription","status":"publish","type":"page","link":"https:\/\/gth.ch\/fr\/inscription\/","title":{"rendered":"Inscription"},"content":{"rendered":"\t\t<div data-elementor-type=\"wp-page\" data-elementor-id=\"5159\" class=\"elementor elementor-5159 elementor-868\" data-elementor-post-type=\"page\">\n\t\t\t\t\t\t<section class=\"elementor-section elementor-top-section elementor-element elementor-element-49f52cd2 elementor-section-height-full elementor-section-boxed elementor-section-height-default elementor-section-items-middle\" data-id=\"49f52cd2\" data-element_type=\"section\" data-settings=\"{&quot;background_background&quot;:&quot;classic&quot;}\">\n\t\t\t\t\t\t<div class=\"elementor-container elementor-column-gap-default\">\n\t\t\t\t\t<div class=\"elementor-column elementor-col-100 elementor-top-column elementor-element elementor-element-393489ff\" data-id=\"393489ff\" data-element_type=\"column\">\n\t\t\t<div class=\"elementor-widget-wrap elementor-element-populated\">\n\t\t\t\t\t\t<div class=\"elementor-element elementor-element-a47b211 elementor-widget elementor-widget-global elementor-global-1070 elementor-widget-html\" data-id=\"a47b211\" data-element_type=\"widget\" data-widget_type=\"html.default\">\n\t\t\t\t<div class=\"elementor-widget-container\">\n\t\t\t<div class=\"backlink_container\">\n    <a class=\"backlink\" onClick=\"window.history.back()\">zur\u00fcck<\/a>\n<\/div>\n\t\t<\/div>\n\t\t\t\t<\/div>\n\t\t\t\t<div class=\"elementor-element elementor-element-5f8ce5b1 elementor-widget elementor-widget-heading\" data-id=\"5f8ce5b1\" data-element_type=\"widget\" data-widget_type=\"heading.default\">\n\t\t\t\t<div class=\"elementor-widget-container\">\n\t\t\t<h2 class=\"elementor-heading-title elementor-size-default\">Votre inscription<\/h2>\t\t<\/div>\n\t\t\t\t<\/div>\n\t\t\t\t<div class=\"elementor-element elementor-element-54f4c89c elementor-widget elementor-widget-text-editor\" data-id=\"54f4c89c\" data-element_type=\"widget\" data-widget_type=\"text-editor.default\">\n\t\t\t\t<div class=\"elementor-widget-container\">\n\t\t\t\t\t\t\t<p>La formation marque le d\u00e9but d&rsquo;une p\u00e9riode passionnante pour vous. Nous nous r\u00e9jouissons de pouvoir vous soutenir et vous accompagner dans votre parcours de formation.<\/p>\n\t\t\t\t\t\t<\/div>\n\t\t\t\t<\/div>\n\t\t\t\t\t<\/div>\n\t\t<\/div>\n\t\t\t\t\t<\/div>\n\t\t<\/section>\n\t\t\t\t<section class=\"elementor-section elementor-top-section elementor-element elementor-element-e169a74 elementor-section-boxed elementor-section-height-default elementor-section-height-default\" data-id=\"e169a74\" data-element_type=\"section\">\n\t\t\t\t\t\t<div class=\"elementor-container elementor-column-gap-default\">\n\t\t\t\t\t<div class=\"elementor-column elementor-col-100 elementor-top-column elementor-element elementor-element-9c46d21\" data-id=\"9c46d21\" data-element_type=\"column\">\n\t\t\t<div class=\"elementor-widget-wrap elementor-element-populated\">\n\t\t\t\t\t\t<div class=\"elementor-element elementor-element-5e2016f elementor-widget elementor-widget-mosaix_widget_news\" data-id=\"5e2016f\" data-element_type=\"widget\" data-widget_type=\"mosaix_widget_news.default\">\n\t\t\t\t<div class=\"elementor-widget-container\">\n\t\t\t\n<div class=\"mosaix-widget widget-news\">\n\t<div class=\"widget-inner\">\n\t\t<div class=\"widget-container\">\n\t\t\t<h3><\/h3>\n\t\t\t<p>Wenn Sie Fragen haben: \n\n<div class=\"signup-form\">\n<div>\n<p><a href=\"tel:+41795528323\">Tel. +41 (0)79 552 83 23<\/a><\/p>\n<p>\n<a  class=\"link dark\" href=\"mailto:info@gth.ch\">Claudia Manzini-Egger<\/a><\/p>\n<\/div>\n\n<div>\n<p><a href=\"tel:+41789187070\">Tel. +41 (0)78 918 70 70<\/a><\/p>\n<p>\n<a  class=\"link dark\" href=\"mailto:info@gth.ch\">Claudia Ramseier<\/a><\/p>\n<\/div>\n<\/div><\/p>\n\t\t\t<p class=\"line dark\">\n\t\t\t\t<a href=\"mailto:info@gth.ch\" class=\"link dark darkest\">\n\t\t\t\t\tE-Mail\n\t\t\t\t<\/a>\n\t\t\t<\/p>\n\t\t<\/div>\n\t<\/div>\n<\/div>\t\t<\/div>\n\t\t\t\t<\/div>\n\t\t\t\t\t<\/div>\n\t\t<\/div>\n\t\t\t\t\t<\/div>\n\t\t<\/section>\n\t\t\t\t<\/div>\n\t\t","protected":false},"excerpt":{"rendered":"<p>zur\u00fcck Votre inscription La formation marque le d\u00e9but d&rsquo;une p\u00e9riode passionnante pour vous. Nous nous r\u00e9jouissons de pouvoir vous soutenir et vous accompagner dans votre parcours de formation. Wenn Sie Fragen haben: Tel. +41 (0)79 552 83 23 Claudia Manzini-Egger Tel. +41 (0)78 918 70 70 Claudia Ramseier E-Mail<\/p>\n","protected":false},"author":1,"featured_media":0,"parent":0,"menu_order":0,"comment_status":"closed","ping_status":"closed","template":"page-contact.php","meta":{"footnotes":""},"class_list":["post-5159","page","type-page","status-publish","hentry"],"_links":{"self":[{"href":"https:\/\/gth.ch\/fr\/wp-json\/wp\/v2\/pages\/5159","targetHints":{"allow":["GET"]}}],"collection":[{"href":"https:\/\/gth.ch\/fr\/wp-json\/wp\/v2\/pages"}],"about":[{"href":"https:\/\/gth.ch\/fr\/wp-json\/wp\/v2\/types\/page"}],"author":[{"embeddable":true,"href":"https:\/\/gth.ch\/fr\/wp-json\/wp\/v2\/users\/1"}],"replies":[{"embeddable":true,"href":"https:\/\/gth.ch\/fr\/wp-json\/wp\/v2\/comments?post=5159"}],"version-history":[{"count":3,"href":"https:\/\/gth.ch\/fr\/wp-json\/wp\/v2\/pages\/5159\/revisions"}],"predecessor-version":[{"id":5162,"href":"https:\/\/gth.ch\/fr\/wp-json\/wp\/v2\/pages\/5159\/revisions\/5162"}],"wp:attachment":[{"href":"https:\/\/gth.ch\/fr\/wp-json\/wp\/v2\/media?parent=5159"}],"curies":[{"name":"wp","href":"https:\/\/api.w.org\/{rel}","templated":true}]}}