{"id":5155,"date":"2020-02-07T07:02:06","date_gmt":"2020-02-07T06:02:06","guid":{"rendered":"https:\/\/gth.ch\/mentions-legales-confidentialite\/"},"modified":"2024-04-09T13:06:49","modified_gmt":"2024-04-09T11:06:49","slug":"mentions-legales-confidentialite","status":"publish","type":"page","link":"https:\/\/gth.ch\/fr\/mentions-legales-confidentialite\/","title":{"rendered":"Mentions l\u00e9gales \/ Confidentialit\u00e9"},"content":{"rendered":"\t\t<div data-elementor-type=\"wp-page\" data-elementor-id=\"5155\" class=\"elementor elementor-5155 elementor-867\" data-elementor-post-type=\"page\">\n\t\t\t\t\t\t<section class=\"elementor-section elementor-top-section elementor-element elementor-element-6e7812a4 elementor-section-height-full elementor-section-boxed elementor-section-height-default elementor-section-items-middle\" data-id=\"6e7812a4\" data-element_type=\"section\" data-settings=\"{&quot;background_background&quot;:&quot;classic&quot;}\">\n\t\t\t\t\t\t<div class=\"elementor-container elementor-column-gap-default\">\n\t\t\t\t\t<div class=\"elementor-column elementor-col-100 elementor-top-column elementor-element elementor-element-863ec99\" data-id=\"863ec99\" data-element_type=\"column\">\n\t\t\t<div class=\"elementor-widget-wrap\">\n\t\t\t\t\t\t\t<\/div>\n\t\t<\/div>\n\t\t\t\t\t<\/div>\n\t\t<\/section>\n\t\t\t\t<section class=\"elementor-section elementor-top-section elementor-element elementor-element-57ee3a4 elementor-section-height-full elementor-section-boxed elementor-section-height-default elementor-section-items-middle\" data-id=\"57ee3a4\" data-element_type=\"section\">\n\t\t\t\t\t\t<div class=\"elementor-container elementor-column-gap-default\">\n\t\t\t\t\t<div class=\"elementor-column elementor-col-50 elementor-top-column elementor-element elementor-element-f23acbe\" data-id=\"f23acbe\" data-element_type=\"column\">\n\t\t\t<div class=\"elementor-widget-wrap elementor-element-populated\">\n\t\t\t\t\t\t<div class=\"elementor-element elementor-element-5184bb0 elementor-widget elementor-widget-heading\" data-id=\"5184bb0\" data-element_type=\"widget\" data-widget_type=\"heading.default\">\n\t\t\t\t<div class=\"elementor-widget-container\">\n\t\t\t<h2 class=\"elementor-heading-title elementor-size-default\">Le nouveau livre<\/h2>\t\t<\/div>\n\t\t\t\t<\/div>\n\t\t\t\t<div class=\"elementor-element elementor-element-a978892 elementor-widget elementor-widget-image\" data-id=\"a978892\" data-element_type=\"widget\" data-widget_type=\"image.default\">\n\t\t\t\t<div class=\"elementor-widget-container\">\n\t\t\t\t\t\t\t\t\t\t\t\t\t<img fetchpriority=\"high\" decoding=\"async\" width=\"202\" height=\"300\" src=\"https:\/\/gth.ch\/wp-content\/uploads\/2021\/01\/226025c2-7e0b-4598-9db3-987085ac032c-202x300.png\" class=\"attachment-medium size-medium wp-image-4715\" alt=\"\" srcset=\"https:\/\/gth.ch\/wp-content\/uploads\/2021\/01\/226025c2-7e0b-4598-9db3-987085ac032c-202x300.png 202w, https:\/\/gth.ch\/wp-content\/uploads\/2021\/01\/226025c2-7e0b-4598-9db3-987085ac032c.png 301w\" sizes=\"(max-width: 202px) 100vw, 202px\" \/>\t\t\t\t\t\t\t\t\t\t\t\t\t<\/div>\n\t\t\t\t<\/div>\n\t\t\t\t<div class=\"elementor-element elementor-element-5445971 text-box elementor-widget elementor-widget-text-editor\" data-id=\"5445971\" data-element_type=\"widget\" data-widget_type=\"text-editor.default\">\n\t\t\t\t<div class=\"elementor-widget-container\">\n\t\t\t\t\t\t\t<p><strong>\u00ab\u00a0Th\u00e9rapie hypno-int\u00e9grative en psychologie profonde\u00a0\u00bb Principes de base de la H.I.T.T.\u00ae.<\/strong><\/p>\n<p>La m\u00e9thode th\u00e9rapeutique autonome \u00ab\u00a0Th\u00e9rapie hypno-int\u00e9grative en psychologie profonde\u00a0\u00bb (H.I.T.T.\u00ae) a \u00e9t\u00e9 d\u00e9velopp\u00e9e par Werner J. Meinhold, chercheur en hypnose de renomm\u00e9e internationale et fondateur de la GTH, sur la base des grandes \u00e9coles de psychologie profonde, des r\u00e9sultats les plus r\u00e9cents de l&rsquo;hypnose psychologique profonde et de la recherche sur le cerveau. H.I.T.T.\u00ae ouvre une nouvelle \u00e8re dans le domaine de l&rsquo;hypnose th\u00e9rapeutique : Cette m\u00e9thode profond\u00e9ment individuelle s&rsquo;oriente sur la biographie de l&rsquo;individu et int\u00e8gre le niveau spirituel comme une part importante de l&rsquo;\u00eatre, \u00e0 c\u00f4t\u00e9 du corps, du psychisme et de l&rsquo;\u00e2me.<\/p>\n<\/p>\n<p><strong>Disponible maintenant<\/strong> <strong>directement chez nous :<\/strong><\/p>\n<p>GTH Suisse<\/p>\n<p>Gufenhaldenweg 4<br \/>8708 M\u00e4nnedorf<\/p>\n<p>Tel: +41 79 552 83 23<br \/>Tel. +41 78 918 70 70<\/p>\n<p>E-Mail: info@gth.ch<\/p>\n\t\t\t\t\t\t<\/div>\n\t\t\t\t<\/div>\n\t\t\t\t\t<\/div>\n\t\t<\/div>\n\t\t\t\t<div class=\"elementor-column elementor-col-50 elementor-top-column elementor-element elementor-element-100037b\" data-id=\"100037b\" data-element_type=\"column\">\n\t\t\t<div class=\"elementor-widget-wrap elementor-element-populated\">\n\t\t\t\t\t\t<div class=\"elementor-element elementor-element-cadb55a elementor-widget elementor-widget-heading\" data-id=\"cadb55a\" data-element_type=\"widget\" data-widget_type=\"heading.default\">\n\t\t\t\t<div class=\"elementor-widget-container\">\n\t\t\t<h2 class=\"elementor-heading-title elementor-size-default\">Mentions l\u00e9gales et confidentialit\u00e9<\/h2>\t\t<\/div>\n\t\t\t\t<\/div>\n\t\t\t\t<div class=\"elementor-element elementor-element-eb0053d text-box elementor-widget elementor-widget-text-editor\" data-id=\"eb0053d\" data-element_type=\"widget\" data-widget_type=\"text-editor.default\">\n\t\t\t\t<div class=\"elementor-widget-container\">\n\t\t\t\t\t\t\t<p><strong>Nous n&rsquo;utilisons aucun outils d&rsquo;analyse sur notre site web. Lorsque vous remplissez notre formulaire d&rsquo;inscription \u00e0 un s\u00e9minaire ou \u00e0 un module, vos donn\u00e9es sont stock\u00e9es temporairement chez nous. Nous utilisons vos informations pour la confirmation d\u2019inscription et la communication ult\u00e9rieure avec vous. Vos donn\u00e9es ne seront pas transmises \u00e0 des tiers et vous pouvez \u00e0 tout moment nous demander de les supprimer : <\/strong><\/p>\n<\/p>\n<p>GTH Suisse<br \/>Gufenhaldenweg 4<br \/>8708 M\u00e4nnedorf<\/p>\n<\/p>\n<p>Tel: +41 79 552 83 23<br \/>Tel. +41 78 918 70 70<\/p>\n<\/p>\n<p>E-Mail: info@gth.ch<\/p>\n<\/p>\n<p>R\u00e9alisation du site web : <a href=\"https:\/\/mosaix.ch\/\" target=\"_blank\" rel=\"noopener\">Mosaix AG<\/a><\/p>\n\t\t\t\t\t\t<\/div>\n\t\t\t\t<\/div>\n\t\t\t\t\t<\/div>\n\t\t<\/div>\n\t\t\t\t\t<\/div>\n\t\t<\/section>\n\t\t\t\t<\/div>\n\t\t","protected":false},"excerpt":{"rendered":"<p>Le nouveau livre \u00ab\u00a0Th\u00e9rapie hypno-int\u00e9grative en psychologie profonde\u00a0\u00bb Principes de base de la H.I.T.T.\u00ae. La m\u00e9thode th\u00e9rapeutique autonome \u00ab\u00a0Th\u00e9rapie hypno-int\u00e9grative en psychologie profonde\u00a0\u00bb (H.I.T.T.\u00ae) a \u00e9t\u00e9 d\u00e9velopp\u00e9e par Werner J. Meinhold, chercheur en hypnose de renomm\u00e9e internationale et fondateur de la GTH, sur la base des grandes \u00e9coles de psychologie profonde, des r\u00e9sultats les plus [&hellip;]<\/p>\n","protected":false},"author":1,"featured_media":0,"parent":0,"menu_order":0,"comment_status":"closed","ping_status":"closed","template":"","meta":{"footnotes":""},"class_list":["post-5155","page","type-page","status-publish","hentry"],"_links":{"self":[{"href":"https:\/\/gth.ch\/fr\/wp-json\/wp\/v2\/pages\/5155","targetHints":{"allow":["GET"]}}],"collection":[{"href":"https:\/\/gth.ch\/fr\/wp-json\/wp\/v2\/pages"}],"about":[{"href":"https:\/\/gth.ch\/fr\/wp-json\/wp\/v2\/types\/page"}],"author":[{"embeddable":true,"href":"https:\/\/gth.ch\/fr\/wp-json\/wp\/v2\/users\/1"}],"replies":[{"embeddable":true,"href":"https:\/\/gth.ch\/fr\/wp-json\/wp\/v2\/comments?post=5155"}],"version-history":[{"count":3,"href":"https:\/\/gth.ch\/fr\/wp-json\/wp\/v2\/pages\/5155\/revisions"}],"predecessor-version":[{"id":5158,"href":"https:\/\/gth.ch\/fr\/wp-json\/wp\/v2\/pages\/5155\/revisions\/5158"}],"wp:attachment":[{"href":"https:\/\/gth.ch\/fr\/wp-json\/wp\/v2\/media?parent=5155"}],"curies":[{"name":"wp","href":"https:\/\/api.w.org\/{rel}","templated":true}]}}