{"id":5019,"date":"2020-02-07T05:57:24","date_gmt":"2020-02-07T04:57:24","guid":{"rendered":"https:\/\/gth.ch\/devenir-membre\/"},"modified":"2024-04-04T11:27:41","modified_gmt":"2024-04-04T09:27:41","slug":"devenir-membre","status":"publish","type":"page","link":"https:\/\/gth.ch\/fr\/devenir-membre\/","title":{"rendered":"Devenir membre"},"content":{"rendered":"\t\t<div data-elementor-type=\"wp-page\" data-elementor-id=\"5019\" class=\"elementor elementor-5019 elementor-815\" data-elementor-post-type=\"page\">\n\t\t\t\t\t\t<section class=\"elementor-section elementor-top-section elementor-element elementor-element-6e7812a4 elementor-section-height-full elementor-section-boxed elementor-section-height-default elementor-section-items-middle\" data-id=\"6e7812a4\" data-element_type=\"section\" data-settings=\"{&quot;background_background&quot;:&quot;classic&quot;}\">\n\t\t\t\t\t\t<div class=\"elementor-container elementor-column-gap-default\">\n\t\t\t\t\t<div class=\"elementor-column elementor-col-100 elementor-top-column elementor-element elementor-element-863ec99\" data-id=\"863ec99\" data-element_type=\"column\">\n\t\t\t<div class=\"elementor-widget-wrap\">\n\t\t\t\t\t\t\t<\/div>\n\t\t<\/div>\n\t\t\t\t\t<\/div>\n\t\t<\/section>\n\t\t\t\t<section class=\"elementor-section elementor-top-section elementor-element elementor-element-57ee3a4 elementor-section-boxed elementor-section-height-default elementor-section-height-default\" data-id=\"57ee3a4\" data-element_type=\"section\">\n\t\t\t\t\t\t<div class=\"elementor-container elementor-column-gap-default\">\n\t\t\t\t\t<div class=\"elementor-column elementor-col-100 elementor-top-column elementor-element elementor-element-f23acbe\" data-id=\"f23acbe\" data-element_type=\"column\">\n\t\t\t<div class=\"elementor-widget-wrap elementor-element-populated\">\n\t\t\t\t\t\t<div class=\"elementor-element elementor-element-691fcb2 elementor-widget elementor-widget-global elementor-global-1070 elementor-widget-html\" data-id=\"691fcb2\" data-element_type=\"widget\" data-widget_type=\"html.default\">\n\t\t\t\t<div class=\"elementor-widget-container\">\n\t\t\t<div class=\"backlink_container\">\n    <a class=\"backlink\" onClick=\"window.history.back()\">zur\u00fcck<\/a>\n<\/div>\n\t\t<\/div>\n\t\t\t\t<\/div>\n\t\t\t\t<div class=\"elementor-element elementor-element-5184bb0 elementor-widget elementor-widget-heading\" data-id=\"5184bb0\" data-element_type=\"widget\" data-widget_type=\"heading.default\">\n\t\t\t\t<div class=\"elementor-widget-container\">\n\t\t\t<h2 class=\"elementor-heading-title elementor-size-default\"><span class=\"small-header-font\">Participer<\/span> en tant que membre de la GTH Suisse<\/h2>\t\t<\/div>\n\t\t\t\t<\/div>\n\t\t\t\t<div class=\"elementor-element elementor-element-5445971 text-box elementor-widget elementor-widget-text-editor\" data-id=\"5445971\" data-element_type=\"widget\" data-widget_type=\"text-editor.default\">\n\t\t\t\t<div class=\"elementor-widget-container\">\n\t\t\t\t\t\t\t<p><strong>Votre soutien contribue \u00e0 ce que notre travail d&rsquo;information permette de faire conna\u00eetre \u00e0 un large public les avantages de l&rsquo;hypnose therapeutique en psychologie profonde. De plus, vous contribuez \u00e0 garantir la qualit\u00e9 de la formation \u00e0 un niveau \u00e9lev\u00e9. Et non des moindres, nous voulons ensemble faire avancer l&rsquo;hypnose th\u00e9rapeutique en psychologie profonde en Suisse !<\/strong><\/p>\n\t\t\t\t\t\t<\/div>\n\t\t\t\t<\/div>\n\t\t\t\t\t<\/div>\n\t\t<\/div>\n\t\t\t\t\t<\/div>\n\t\t<\/section>\n\t\t\t\t<section class=\"elementor-section elementor-top-section elementor-element elementor-element-a5b9cf4 elementor-section-full_width elementor-section-height-default elementor-section-height-default\" data-id=\"a5b9cf4\" data-element_type=\"section\">\n\t\t\t\t\t\t<div class=\"elementor-container elementor-column-gap-default\">\n\t\t\t\t\t<div class=\"elementor-column elementor-col-100 elementor-top-column elementor-element elementor-element-4d1b7ed\" data-id=\"4d1b7ed\" data-element_type=\"column\">\n\t\t\t<div class=\"elementor-widget-wrap elementor-element-populated\">\n\t\t\t\t\t\t<div class=\"elementor-element elementor-element-820a173 text-box elementor-widget elementor-widget-text-editor\" data-id=\"820a173\" data-element_type=\"widget\" data-widget_type=\"text-editor.default\">\n\t\t\t\t<div class=\"elementor-widget-container\">\n\t\t\t\t\t\t\t<p><strong>L&rsquo;adh\u00e9sion de soutien &#8230;<\/strong><\/p>\n<p>&#8230;s&rsquo;adresse aux personnes qui souhaitent contribuer \u00e0 la promotion de la Soci\u00e9t\u00e9 suisse pour l&rsquo;hypnose th\u00e9rapeutique et la recherche en hypnose. Les membres de soutien n&rsquo;ont pas le droit de vote, mais ils ont tout de m\u00eame une influence, car tout feedback est important pour nous afin d&rsquo;am\u00e9liorer constamment notre travail.<\/p>\n<div class=\"line dark\" style=\"padding-top: 30px;\"><a class=\"link dark\" href=\"mailto:info@gth.ch\" target=\"_blank\" rel=\"noopener\">Ecrire un e-mail avec une demande<\/a><\/div>\n<p><strong> <\/strong><\/p>\n<p><strong> <\/strong><\/p>\n<\/p>\n<p><strong>L&rsquo;adh\u00e9sion professionnelle&#8230;<\/strong><\/p>\n<p>&#8230;s&rsquo;adresse aux personnes qui ont suivi une formation du GTH Suisse ou qui peuvent justifier d&rsquo;une autre mani\u00e8re du niveau de formation ou de connaissances prescrit. En tant que membre professionnel, vous avez le droit de vote et pouvez contribuer de mani\u00e8re d\u00e9terminante au d\u00e9veloppement de notre soci\u00e9t\u00e9.<\/p>\n<p>La condition est la participation \u00e0 notre s\u00e9minaire de prise de connaissance pour les nouveaux membres professionnels et l&rsquo;admission par d\u00e9cision du comit\u00e9 directeur.<\/p>\n<div class=\"line dark\" style=\"padding-top: 30px;\"><a class=\"link dark\" href=\"mailto:info@gth.ch\" target=\"_blank\" rel=\"noopener\">Ecrire un e-mail avec une demande<\/a><\/div>\n<p><strong> <\/strong><\/p>\n<\/p>\n<p><strong> <\/strong><\/p>\n<p><strong>Le titre de membre honoraire<\/strong><\/p>\n<p>&#8230; nous d\u00e9cernons des prix \u00e0 des personnes qui ont rendu des services particuliers \u00e0 l&rsquo;hypnose ou \u00e0 la GTH Suisse. Nos membres d&rsquo;honneur ne paient pas de cotisation annuelle.<\/p>\n<div class=\"line dark\" style=\"padding-top: 30px;\"><a class=\"link dark\" href=\"mailto:info@gth.ch\" target=\"_blank\" rel=\"noopener\">Ecrire un e-mail avec une proposition<\/a><\/div>\n<div> <\/div>\n<div> <\/div>\n<div> <\/div>\n<div> <\/div>\n<div>\n<p><strong>Contribution<\/strong><br \/>La cotisation est fix\u00e9e par l&rsquo;assembl\u00e9e g\u00e9n\u00e9rale et s&rsquo;\u00e9l\u00e8ve actuellement \u00e0 322 francs par an.<\/p>\n<\/div>\n\t\t\t\t\t\t<\/div>\n\t\t\t\t<\/div>\n\t\t\t\t\t<\/div>\n\t\t<\/div>\n\t\t\t\t\t<\/div>\n\t\t<\/section>\n\t\t\t\t<\/div>\n\t\t","protected":false},"excerpt":{"rendered":"<p>zur\u00fcck Participer en tant que membre de la GTH Suisse Votre soutien contribue \u00e0 ce que notre travail d&rsquo;information permette de faire conna\u00eetre \u00e0 un large public les avantages de l&rsquo;hypnose therapeutique en psychologie profonde. De plus, vous contribuez \u00e0 garantir la qualit\u00e9 de la formation \u00e0 un niveau \u00e9lev\u00e9. Et non des moindres, nous [&hellip;]<\/p>\n","protected":false},"author":1,"featured_media":0,"parent":0,"menu_order":0,"comment_status":"closed","ping_status":"closed","template":"","meta":{"footnotes":""},"class_list":["post-5019","page","type-page","status-publish","hentry"],"_links":{"self":[{"href":"https:\/\/gth.ch\/fr\/wp-json\/wp\/v2\/pages\/5019","targetHints":{"allow":["GET"]}}],"collection":[{"href":"https:\/\/gth.ch\/fr\/wp-json\/wp\/v2\/pages"}],"about":[{"href":"https:\/\/gth.ch\/fr\/wp-json\/wp\/v2\/types\/page"}],"author":[{"embeddable":true,"href":"https:\/\/gth.ch\/fr\/wp-json\/wp\/v2\/users\/1"}],"replies":[{"embeddable":true,"href":"https:\/\/gth.ch\/fr\/wp-json\/wp\/v2\/comments?post=5019"}],"version-history":[{"count":13,"href":"https:\/\/gth.ch\/fr\/wp-json\/wp\/v2\/pages\/5019\/revisions"}],"predecessor-version":[{"id":5109,"href":"https:\/\/gth.ch\/fr\/wp-json\/wp\/v2\/pages\/5019\/revisions\/5109"}],"wp:attachment":[{"href":"https:\/\/gth.ch\/fr\/wp-json\/wp\/v2\/media?parent=5019"}],"curies":[{"name":"wp","href":"https:\/\/api.w.org\/{rel}","templated":true}]}}