{"id":4987,"date":"2020-01-15T08:55:28","date_gmt":"2020-01-15T07:55:28","guid":{"rendered":"https:\/\/gth.ch\/informations-professionnelles\/"},"modified":"2024-04-09T12:11:31","modified_gmt":"2024-04-09T10:11:31","slug":"informations-professionnelles","status":"publish","type":"page","link":"https:\/\/gth.ch\/fr\/informations-professionnelles\/","title":{"rendered":"Information professionnelle"},"content":{"rendered":"\t\t<div data-elementor-type=\"wp-page\" data-elementor-id=\"4987\" class=\"elementor elementor-4987 elementor-23\" data-elementor-post-type=\"page\">\n\t\t\t\t\t\t<section class=\"elementor-section elementor-top-section elementor-element elementor-element-177e0835 elementor-section-height-full elementor-section-boxed elementor-section-height-default elementor-section-items-middle\" data-id=\"177e0835\" data-element_type=\"section\" data-settings=\"{&quot;background_background&quot;:&quot;classic&quot;}\">\n\t\t\t\t\t\t<div class=\"elementor-container elementor-column-gap-default\">\n\t\t\t\t\t<div class=\"elementor-column elementor-col-100 elementor-top-column elementor-element elementor-element-175751e\" data-id=\"175751e\" data-element_type=\"column\">\n\t\t\t<div class=\"elementor-widget-wrap\">\n\t\t\t\t\t\t\t<\/div>\n\t\t<\/div>\n\t\t\t\t\t<\/div>\n\t\t<\/section>\n\t\t\t\t<section class=\"elementor-section elementor-top-section elementor-element elementor-element-6cfb60d elementor-section-boxed elementor-section-height-default elementor-section-height-default\" data-id=\"6cfb60d\" data-element_type=\"section\">\n\t\t\t\t\t\t<div class=\"elementor-container elementor-column-gap-default\">\n\t\t\t\t\t<div class=\"elementor-column elementor-col-100 elementor-top-column elementor-element elementor-element-4dd1fc1\" data-id=\"4dd1fc1\" data-element_type=\"column\">\n\t\t\t<div class=\"elementor-widget-wrap elementor-element-populated\">\n\t\t\t\t\t\t<div class=\"elementor-element elementor-element-894af91 elementor-widget elementor-widget-heading\" data-id=\"894af91\" data-element_type=\"widget\" data-widget_type=\"heading.default\">\n\t\t\t\t<div class=\"elementor-widget-container\">\n\t\t\t<h2 class=\"elementor-heading-title elementor-size-default\">Information professionnelle<\/h2>\t\t<\/div>\n\t\t\t\t<\/div>\n\t\t\t\t\t<\/div>\n\t\t<\/div>\n\t\t\t\t\t<\/div>\n\t\t<\/section>\n\t\t\t\t<section class=\"elementor-section elementor-top-section elementor-element elementor-element-f1ba177 elementor-section-full_width elementor-section-height-default elementor-section-height-default\" data-id=\"f1ba177\" data-element_type=\"section\">\n\t\t\t\t\t\t<div class=\"elementor-container elementor-column-gap-default\">\n\t\t\t\t\t<div class=\"elementor-column elementor-col-50 elementor-top-column elementor-element elementor-element-21d3782c\" data-id=\"21d3782c\" data-element_type=\"column\">\n\t\t\t<div class=\"elementor-widget-wrap elementor-element-populated\">\n\t\t\t\t\t\t<div class=\"elementor-element elementor-element-e503397 elementor-widget elementor-widget-text-editor\" data-id=\"e503397\" data-element_type=\"widget\" data-widget_type=\"text-editor.default\">\n\t\t\t\t<div class=\"elementor-widget-container\">\n\t\t\t\t\t\t\t<p><strong>Article d&rsquo;\u00e9tudes de cas<\/strong><\/p>\n\t\t\t\t\t\t<\/div>\n\t\t\t\t<\/div>\n\t\t\t\t<div class=\"elementor-element elementor-element-79b5e92 elementor-widget elementor-widget-mosaix_widget_articles\" data-id=\"79b5e92\" data-element_type=\"widget\" data-widget_type=\"mosaix_widget_articles.default\">\n\t\t\t\t<div class=\"elementor-widget-container\">\n\t\t\t<div class=\"mosaix-widget widget-articles\">\n    \n    <div class=\"single_article\"><div class=\"text\"><p>Chemotherapie \u2013 ja oder nein; Hoffmann<\/p><\/div><div class=\"link-box\"><div class=\"inner-box\"><a class=\"link dark\" href=\"https:\/\/gth.ch\/wp-content\/uploads\/2020\/02\/comed_00_04-Es-begann-im-Gitterbett-Hartwig-Oswald-1.pdf\" target=\"_blank\">PDF-Download<\/a><\/div><\/div><\/div><div class=\"single_article\"><div class=\"text\"><p>Stressregulierung f\u00fcr Heranwachsende; Malicet-Scheidler<\/p><\/div><div class=\"link-box\"><div class=\"inner-box\"><a class=\"link dark\" href=\"https:\/\/gth.ch\/wp-content\/uploads\/2020\/02\/comed_16_04-Stressregulierung-f\u00fcr-Heranwachsende-Malicet-Scheidler.pdf\" target=\"_blank\">PDF-Download<\/a><\/div><\/div><\/div><div class=\"single_article\"><div class=\"text\"><p>Verarbeitung der Angst Teil 1; Hoffmann<\/p><\/div><div class=\"link-box\"><div class=\"inner-box\"><a class=\"link dark\" href=\"https:\/\/gth.ch\/wp-content\/uploads\/2020\/02\/comed_17_07-Verarbeitung-der-Angst-Teil-1-Hoffmann.pdf\" target=\"_blank\">PDF-Download<\/a><\/div><\/div><\/div><div class=\"single_article\"><div class=\"text\"><p>Verarbeitung der Angst Teil 2; Hoffmann<\/p><\/div><div class=\"link-box\"><div class=\"inner-box\"><a class=\"link dark\" href=\"https:\/\/gth.ch\/wp-content\/uploads\/2020\/02\/comed_17_09-Verarbeitung-der-Angst-Teil-2-Hoffmann.pdf\" target=\"_blank\">PDF-Download<\/a><\/div><\/div><\/div><div class=\"single_article\"><div class=\"text\"><p>Neurodermitis Fallbericht; Meinhold<\/p><\/div><div class=\"link-box\"><div class=\"inner-box\"><a class=\"link dark\" href=\"https:\/\/gth.ch\/wp-content\/uploads\/2020\/02\/comed_99_05-Neurodermitis-Fallbericht-Werner-Meinhold.pdf\" target=\"_blank\">PDF-Download<\/a><\/div><\/div><\/div><div class=\"single_article\"><div class=\"text\"><p>Fallbeispiel einer Hyperthyreose-Behandlung; Beckmann<\/p><\/div><div class=\"link-box\"><div class=\"inner-box\"><a class=\"link dark\" href=\"https:\/\/gth.ch\/wp-content\/uploads\/2020\/02\/comed_99_11-Fallbeispiel-einer-Hyperthyreose-Behandlung-Beckmann.pdf\" target=\"_blank\">PDF-Download<\/a><\/div><\/div><\/div><div class=\"single_article\"><div class=\"text\"><p>Einblick in die Therapeutische Hypnose; Ehrle<\/p><\/div><div class=\"link-box\"><div class=\"inner-box\"><a class=\"link dark\" href=\"https:\/\/gth.ch\/wp-content\/uploads\/2020\/02\/Die-Naturheilkunde-15-03-therapeutische_hypnose-Ehrle.pdf\" target=\"_blank\">PDF-Download<\/a><\/div><\/div><\/div>\n<\/div>\n\t\t<\/div>\n\t\t\t\t<\/div>\n\t\t\t\t<div class=\"elementor-element elementor-element-7c2f735 elementor-widget elementor-widget-text-editor\" data-id=\"7c2f735\" data-element_type=\"widget\" data-widget_type=\"text-editor.default\">\n\t\t\t\t<div class=\"elementor-widget-container\">\n\t\t\t\t\t\t\t<p><strong>Voies possibles en hypnoth\u00e9rapie<\/strong><\/p>\n\t\t\t\t\t\t<\/div>\n\t\t\t\t<\/div>\n\t\t\t\t<div class=\"elementor-element elementor-element-ee181a5 elementor-widget elementor-widget-mosaix_widget_articles\" data-id=\"ee181a5\" data-element_type=\"widget\" data-widget_type=\"mosaix_widget_articles.default\">\n\t\t\t\t<div class=\"elementor-widget-container\">\n\t\t\t<div class=\"mosaix-widget widget-articles\">\n    \n    <div class=\"single_article\"><div class=\"text\"><p>Hypnoseinduzierte K\u00f6rpertherapie; Meyer<\/p><\/div><div class=\"link-box\"><div class=\"inner-box\"><a class=\"link dark\" href=\"https:\/\/gth.ch\/wp-content\/uploads\/2020\/02\/comed_00_03-Hypnoseinduzierte-K\u00f6rpertherapie-U.-Meyer.pdf\" target=\"_blank\">PDF-Download<\/a><\/div><\/div><\/div><div class=\"single_article\"><div class=\"text\"><p>Hypnose &#8211; kein Wundermittel; Kerber<\/p><\/div><div class=\"link-box\"><div class=\"inner-box\"><a class=\"link dark\" href=\"https:\/\/gth.ch\/wp-content\/uploads\/2020\/02\/comed_00_06-Hypnose-kein-Wundermittel-Gerhard-Kerber.pdf\" target=\"_blank\">PDF-Download<\/a><\/div><\/div><\/div><div class=\"single_article\"><div class=\"text\"><p>Die Kraft aus der Stille; Mayer<\/p><\/div><div class=\"link-box\"><div class=\"inner-box\"><a class=\"link dark\" href=\"https:\/\/gth.ch\/wp-content\/uploads\/2020\/02\/comed_00_08-die-Kraft-aus-der-Stille-Hypnose-Maidtation-prakt-\u00fcbung-U.-Mayer.pdf\" target=\"_blank\">PDF-Download<\/a><\/div><\/div><\/div><div class=\"single_article\"><div class=\"text\"><p>Hypnose &#8211; was ist das eigentlich? Teil 1; Meinhold<\/p><\/div><div class=\"link-box\"><div class=\"inner-box\"><a class=\"link dark\" href=\"https:\/\/gth.ch\/wp-content\/uploads\/2020\/02\/comed_01_06-Hypnose-was-ist-das-eigentlich-Teil-1-Werner-Meinhold.pdf\" target=\"_blank\">PDF-Download<\/a><\/div><\/div><\/div><div class=\"single_article\"><div class=\"text\"><p>Hypnose &#8211; was ist das eigentlich Teil 2; Meinhold<\/p><\/div><div class=\"link-box\"><div class=\"inner-box\"><a class=\"link dark\" href=\"https:\/\/gth.ch\/wp-content\/uploads\/2020\/02\/comed_01_07-Hypnose-was-ist-das-eigentlich-Teil-2-Werner-Meinhold.pdf\" target=\"_blank\">PDF-Download<\/a><\/div><\/div><\/div><div class=\"single_article\"><div class=\"text\"><p>Psyche, Sex und Medizin-Lifestyle; G\u00f6dtel<\/p><\/div><div class=\"link-box\"><div class=\"inner-box\"><a class=\"link dark\" href=\"https:\/\/gth.ch\/wp-content\/uploads\/2020\/02\/comed_02_01-Psyche-Sex-und-Medizin-Lifestyle-G\u00f6dtel.pdf\" target=\"_blank\">PDF-Download<\/a><\/div><\/div><\/div><div class=\"single_article\"><div class=\"text\"><p>Reinkarnation Teil 1; Rotberg<\/p><\/div><div class=\"link-box\"><div class=\"inner-box\"><a class=\"link dark\" href=\"https:\/\/gth.ch\/wp-content\/uploads\/2020\/02\/comed_02_02-Reinkarnation-Rotberg-Teil-1.pdf\" target=\"_blank\">PDF-Download<\/a><\/div><\/div><\/div><div class=\"single_article\"><div class=\"text\"><p>Reinkarnation Teil 2; Rotberg<\/p><\/div><div class=\"link-box\"><div class=\"inner-box\"><a class=\"link dark\" href=\"https:\/\/gth.ch\/wp-content\/uploads\/2020\/02\/comed_02_03-Reinkarnation-Rotberg-Teil-2.pdf\" target=\"_blank\">PDF-Download<\/a><\/div><\/div><\/div><div class=\"single_article\"><div class=\"text\"><p>Reinkarnation Teil 3; Rotberg<\/p><\/div><div class=\"link-box\"><div class=\"inner-box\"><a class=\"link dark\" href=\"https:\/\/gth.ch\/wp-content\/uploads\/2020\/02\/comed_02_04-Reinkarnation-Rotberg-Teil-3.pdf\" target=\"_blank\">PDF-Download<\/a><\/div><\/div><\/div><div class=\"single_article\"><div class=\"text\"><p>PMR und Hypno-Integrative Tiefenspsychologische-Therapie; Korn<\/p><\/div><div class=\"link-box\"><div class=\"inner-box\"><a class=\"link dark\" href=\"https:\/\/gth.ch\/wp-content\/uploads\/2020\/02\/comed_02_09-PMR-und-HITT-Therapie-Teil-2-Korn.pdf\" target=\"_blank\">PDF-Download<\/a><\/div><\/div><\/div><div class=\"single_article\"><div class=\"text\"><p>Hypnoseverfahren; Saldow<\/p><\/div><div class=\"link-box\"><div class=\"inner-box\"><a class=\"link dark\" href=\"https:\/\/gth.ch\/wp-content\/uploads\/2020\/02\/comed_03_06-Hypnoseverfahren-Saldow.pdf\" target=\"_blank\">PDF-Download<\/a><\/div><\/div><\/div><div class=\"single_article\"><div class=\"text\"><p>Die neue Heilhypnose Befreiung statt Beeinflussung; Meinhold<\/p><\/div><div class=\"link-box\"><div class=\"inner-box\"><a class=\"link dark\" href=\"https:\/\/gth.ch\/wp-content\/uploads\/2020\/02\/comed_99_04-Die-neue-Heilhypnose-Befreiung-statt-Beenflussung-W-Meinhold.pdf\" target=\"_blank\">PDF-Download<\/a><\/div><\/div><\/div><div class=\"single_article\"><div class=\"text\"><p>Autogenes Training; Hilger<\/p><\/div><div class=\"link-box\"><div class=\"inner-box\"><a class=\"link dark\" href=\"https:\/\/gth.ch\/wp-content\/uploads\/2020\/02\/comed_99_06-Autgenes-Training-Hilger.pdf\" target=\"_blank\">PDF-Download<\/a><\/div><\/div><\/div><div class=\"single_article\"><div class=\"text\"><p>Hypnose &#8211; eine integrative tiefenpsychologische Therapie; Str\u00fcnkelnberg<\/p><\/div><div class=\"link-box\"><div class=\"inner-box\"><a class=\"link dark\" href=\"https:\/\/gth.ch\/wp-content\/uploads\/2020\/02\/comed_99_07-Hypnose-eine-integrative-tiefenps-Therapie-Str\u00fcnkelnberg.pdf\" target=\"_blank\">PDF-Download<\/a><\/div><\/div><\/div><div class=\"single_article\"><div class=\"text\"><p>Integrative Tiefenpsychologie in Hypnose und essentielle Psychologie; Leukroth<\/p><\/div><div class=\"link-box\"><div class=\"inner-box\"><a class=\"link dark\" href=\"https:\/\/gth.ch\/wp-content\/uploads\/2020\/02\/comed_99_10-integra-tiefenpsychologie-in-Hypn-und-essentielle-Psychologie-Leukroth.pdf\" target=\"_blank\">PDF-Download<\/a><\/div><\/div><\/div>\n<\/div>\n\t\t<\/div>\n\t\t\t\t<\/div>\n\t\t\t\t<div class=\"elementor-element elementor-element-2b17156 elementor-widget elementor-widget-text-editor\" data-id=\"2b17156\" data-element_type=\"widget\" data-widget_type=\"text-editor.default\">\n\t\t\t\t<div class=\"elementor-widget-container\">\n\t\t\t\t\t\t\t<p><strong>Rapports m\u00e9dicaux<\/strong><\/p>\n\t\t\t\t\t\t<\/div>\n\t\t\t\t<\/div>\n\t\t\t\t<div class=\"elementor-element elementor-element-43f17e7 elementor-widget elementor-widget-mosaix_widget_articles\" data-id=\"43f17e7\" data-element_type=\"widget\" data-widget_type=\"mosaix_widget_articles.default\">\n\t\t\t\t<div class=\"elementor-widget-container\">\n\t\t\t<div class=\"mosaix-widget widget-articles\">\n    \n    <div class=\"single_article\"><div class=\"text\"><p>Infestation, Umsessenheit, Besessenheit \u2013 Teil 1; Halama<\/p><\/div><div class=\"link-box\"><div class=\"inner-box\"><a class=\"link dark\" href=\"https:\/\/gth.ch\/wp-content\/uploads\/2020\/02\/comed_02_06-Infestation-Infestatio-Umsessenheit-Circumsessio-Besessenheit-Possessio-Halama-Teil-1.pdf\" target=\"_blank\">PDF-Download<\/a><\/div><\/div><\/div><div class=\"single_article\"><div class=\"text\"><p>Infestation, Umsessenheit, Besessenheit &#8211; Teil 2; Halama<\/p><\/div><div class=\"link-box\"><div class=\"inner-box\"><a class=\"link dark\" href=\"https:\/\/gth.ch\/wp-content\/uploads\/2020\/02\/comed_02_07-Infestation-Infestatio-Umsessenheit-Circumsessio-Besessenheit-Possessio-Halama-Teil-2.pdf\" target=\"_blank\">PDF-Download<\/a><\/div><\/div><\/div><div class=\"single_article\"><div class=\"text\"><p>Infestation, Umsessenheit, Besessenheit &#8211; Teil 3; Halama<\/p><\/div><div class=\"link-box\"><div class=\"inner-box\"><a class=\"link dark\" href=\"https:\/\/gth.ch\/wp-content\/uploads\/2020\/02\/comed_02_08-Infestation-Infestatio-Umsessenheit-Circumsessio-Besessenheit-Possessio-Halama-Teil-3.pdf\" target=\"_blank\">PDF-Download<\/a><\/div><\/div><\/div><div class=\"single_article\"><div class=\"text\"><p>Schamanismus und Therapie in Hypnose; Moreno<\/p><\/div><div class=\"link-box\"><div class=\"inner-box\"><a class=\"link dark\" href=\"https:\/\/gth.ch\/wp-content\/uploads\/2020\/02\/comed_03_05-Schamnismus-und-Therapie-in-Hypnose-Moreno.pdf\" target=\"_blank\">PDF-Download<\/a><\/div><\/div><\/div><div class=\"single_article\"><div class=\"text\"><p>Wie wirkt die Hypnosetherapie auf der Rezeptorenebene?; Halama<\/p><\/div><div class=\"link-box\"><div class=\"inner-box\"><a class=\"link dark\" href=\"https:\/\/gth.ch\/wp-content\/uploads\/2020\/02\/comed_04_02x-Vergleichende-Pilotstudie-Biehler-Halama.pdf\" target=\"_blank\">PDF-Download<\/a><\/div><\/div><\/div><div class=\"single_article\"><div class=\"text\"><p>Religiosit\u00e4t in Psychiatrie und Psychotherapie; Halama<\/p><\/div><div class=\"link-box\"><div class=\"inner-box\"><a class=\"link dark\" href=\"https:\/\/gth.ch\/wp-content\/uploads\/2020\/02\/comed_08_12-Religiosit\u00e4t-in-Psychiatrie-und-Psychotherapie-Halama.pdf\" target=\"_blank\">PDF-Download<\/a><\/div><\/div><\/div>\n<\/div>\n\t\t<\/div>\n\t\t\t\t<\/div>\n\t\t\t\t\t<\/div>\n\t\t<\/div>\n\t\t\t\t<div class=\"elementor-column elementor-col-50 elementor-top-column elementor-element elementor-element-3095f1a8\" data-id=\"3095f1a8\" data-element_type=\"column\">\n\t\t\t<div class=\"elementor-widget-wrap elementor-element-populated\">\n\t\t\t\t\t\t<section class=\"elementor-section elementor-inner-section elementor-element elementor-element-7e5d72ec elementor-section-boxed elementor-section-height-default elementor-section-height-default\" data-id=\"7e5d72ec\" data-element_type=\"section\" data-settings=\"{&quot;background_background&quot;:&quot;classic&quot;}\">\n\t\t\t\t\t\t<div class=\"elementor-container elementor-column-gap-default\">\n\t\t\t\t\t<div class=\"elementor-column elementor-col-100 elementor-inner-column elementor-element elementor-element-13235406\" data-id=\"13235406\" data-element_type=\"column\">\n\t\t\t<div class=\"elementor-widget-wrap elementor-element-populated\">\n\t\t\t\t\t\t<div class=\"elementor-element elementor-element-ab978ca elementor-widget elementor-widget-heading\" data-id=\"ab978ca\" data-element_type=\"widget\" data-widget_type=\"heading.default\">\n\t\t\t\t<div class=\"elementor-widget-container\">\n\t\t\t<h3 class=\"elementor-heading-title elementor-size-default\"><u>Litt\u00e9rature sp\u00e9cialis\u00e9e<\/u><\/h3>\t\t<\/div>\n\t\t\t\t<\/div>\n\t\t\t\t<div class=\"elementor-element elementor-element-f9854c1 elementor-widget elementor-widget-text-editor\" data-id=\"f9854c1\" data-element_type=\"widget\" data-widget_type=\"text-editor.default\">\n\t\t\t\t<div class=\"elementor-widget-container\">\n\t\t\t\t\t\t\t<div>\n<p><b><u>Livres de l&rsquo;auteur <\/u><\/b><\/p>\n<h6><strong>&nbsp;<\/strong><\/h6>\n<p><strong>Hypno-integrative<\/strong><\/p>\n<p><\/p>\n<p><strong> th\u00e9rapie psychologique en profondeur &#8211; bases de l&rsquo;H.I.T.T.\u00ae<\/strong><\/p>\n<p><strong>ISBN-13: 978-3530300055<\/strong><\/p>\n<p><strong><br><\/strong><\/p>\n<h5><span style=\"font-weight: normal;\">La th\u00e9rapie hypno-int\u00e9grative profonde (H.I.T.T.) a \u00e9t\u00e9 d\u00e9velopp\u00e9e par W. J. Meinhold sur la base des grandes<\/span> <span style=\"font-weight: normal;\">\u00e9coles de psychologie profonde et des derniers r\u00e9sultats de la recherche en hypnose<\/span> <span style=\"font-weight: normal;\">et ouvre une nouvelle \u00e8re dans le domaine de l&rsquo;hypnose th\u00e9rapeutique.<\/span><\/h5>\n<h5><span style=\"font-weight: normal;\">Pour ceux qui travaillent avec des personnes, cette m\u00e9thode est un outil indispensable.<\/span><\/h5>\n<h5>.<\/h5>\n<p><\/p>\n<p><strong>Th\u00e9rapie par l&rsquo;hynose fond\u00e9e sur la psychologie profonde<\/strong><\/p>\n<p><strong>ISBN: 978-3.944002-98-9<\/strong><\/p>\n<p><strong><br><\/strong><\/p>\n<h5>P<span style=\"font-weight: normal;\">Psychoth\u00e9rapie, psychologie profonde et hypnose : trois termes fr\u00e9quemment utilis\u00e9s, mais saviez-vous ce qu&rsquo;ils d\u00e9signent exactement ? Et saviez-vous pour quelles maladies l&rsquo;utilisation est prometteuse ?&nbsp;<\/span><\/h5>\n<h5><span style=\"font-weight: normal;\">Ce livre r\u00e9pond \u00e0 ces questions et \u00e0 de nombreuses autres questions fr\u00e9quemment pos\u00e9es.<\/span>&nbsp;<\/h5>\n<div><br><\/div>\n<p><\/p>\n<p><b>Le petit manuel d&rsquo;hypnose &#8211;<\/b> <b>ou le r\u00eave de la conscience -Vie,Amour,Mort&nbsp;, &nbsp; &nbsp;, &nbsp;, &nbsp;ISBN-13 : 978-3944002132<\/b><\/p>\n<p><b><br><\/b><\/p>\n<h5>A<span style=\"font-weight: normal;\">Tous les th\u00e8mes de vie centraux &lt; de ce livre sont &#8211; symboliquement parlant &#8211; touch\u00e9s inconsciemment par les vibrations de l&rsquo;\u00e2me du dieu mythique Hypnos. L&rsquo;objectif de ce livre est de rendre la compr\u00e9hension de et pour soi-m\u00eame et ses semblables plus paisible, plus efficace et plus plaisante.<\/span><\/h5>\n<div><br><\/div>\n<p><\/p>\n<p><b>Le grand manuel de l&rsquo;hypnose<\/b><\/p>\n<p><b>ISBN 3-926654-08-2.<\/b><\/p>\n<p><b><br><\/b><\/p>\n<h5><span style=\"font-weight: normal;\">Une aide pr\u00e9cieuse pour les professionnels de la sant\u00e9 et de l&rsquo;\u00e9ducation, et en m\u00eame temps un livre fascinant d&rsquo;aide pratique \u00e0 la vie pour tout le monde.<\/span><\/h5>\n<div><br><\/div>\n<p><\/p>\n<p><b>Le cancer &#8211; une maladie mystifi\u00e9e<\/b><\/p>\n<p><b>ISBN-13: 978-3530300055<\/b><\/p>\n<p><b><br><\/b><\/p>\n<h5>K<span style=\"font-weight: normal;\">Le cancer concerne tout le monde. Une personne sur trois en sera atteinte. Cette maladie est la seule \u00e0 \u00eatre qualifi\u00e9e de&nbsp;\u00ab\u00a0maligne\u00a0\u00bb, ce qui la place dans un espace mystique dans lequel de nombreux niveaux de signification symbolique lui sont attribu\u00e9s, ce que ce livre permet de clarifier.<\/span><\/h5>\n<p><br><\/p>\n<p><\/p>\n<p><b><u>Autres livres de l&rsquo;auteur en collaboration avec d&rsquo;autres auteurs<\/u><\/b><\/p>\n<p><b>&nbsp;<\/b><\/p>\n<p><b>La peau &#8211; comprendre et soigner de mani\u00e8re globale<\/b><\/p>\n<p><b>ISBN-13: 978-3776015577<\/b><\/p>\n<p><b><br><\/b><\/p>\n<h5>H<span style=\"font-weight: normal;\">Publi\u00e9 par Prof. Dr med et Dr.phil. Gion Condrau, Dr. med. Wilfried Dogs et Werner J. Meinhold<\/span><\/h5>\n<p><\/p>\n<h5><span style=\"font-weight: normal;\">La peau constitue la fronti\u00e8re entre le moi et l&rsquo;environnement. C&rsquo;est notre organe le plus sensible, unique et incomparable. Ce livre aide \u00e0 briser le cercle vicieux de la maladie mentale et de la r\u00e9action cutan\u00e9e aggrav\u00e9e. Une maladie de la peau donne l&rsquo;occasion et la chance de comprendre le message qu&rsquo;elle condense dans le sympt\u00f4me dans sa signification profonde et de l&rsquo;utiliser \u00e0 des fins th\u00e9rapeutiques.<\/span><\/h5>\n<div><br><\/div>\n<p><\/p>\n<p><b>La conscience humaine<\/b><\/p>\n<p><b>ISBN-13: 978-3530400380 86<\/b><\/p>\n<p><b><br><\/b><\/p>\n<h5><span style=\"font-weight: normal;\">Publi\u00e9 par Werner J. Meinhold, Gion Condrau, Gerhard Langer.<\/span><\/h5>\n<p><\/p>\n<h5><span style=\"font-weight: normal;\">La notion de conscience a longtemps donn\u00e9 l&rsquo;illusion d&rsquo;une \u00e9vidence<\/span> <span style=\"font-weight: normal;\">s\u00e9duisante<\/span> <span style=\"font-weight: normal;\">qui a \u00e9t\u00e9 remplac\u00e9e par<\/span> <span style=\"font-weight: normal;\">de nouvelles approches issues de la nature<\/span> et<span style=\"font-weight: normal;\">de l&rsquo;enseignement des sciences humaines. Dans ce livre, la science et la sagesse vont de pair. Cela pourrait servir de base \u00e0<\/span> <span style=\"font-weight: normal;\">la r\u00e9ussite \u00e0 surmonter l&rsquo;injustice, la destruction, la maladie, l&rsquo;envie et la col\u00e8re.<\/span><\/h5>\n<div><br><\/div>\n<p><\/p>\n<p><b>Le c\u0153ur, rythme et cycle la vie<\/b><\/p>\n<p>I<b>SBN-13: 978-3530300208<\/b><\/p>\n<p><b><br><\/b><\/p>\n<h5><span style=\"font-weight: normal;\">Publi\u00e9 par Gion Condrau, Susanne Hahn, Werner J. Meinhold<\/span><\/h5>\n<h5><span style=\"font-weight: normal;\">Dans ce livre, le c\u0153ur est plac\u00e9 dans des contextes inhabituels, de mani\u00e8re riche en th\u00e8mes et en connaissances. Les connaissances ancestrales sont mises sur un pied d&rsquo;\u00e9galit\u00e9 avec les d\u00e9couvertes de la recherche cardiaque la plus moderne.<\/span><\/h5>\n<div><span style=\"font-weight: normal;\"><br><\/span><\/div>\n<div><br><\/div>\n<p><br><\/p>\n<p><\/p>\n<\/div>\t\t\t\t\t\t<\/div>\n\t\t\t\t<\/div>\n\t\t\t\t\t<\/div>\n\t\t<\/div>\n\t\t\t\t\t<\/div>\n\t\t<\/section>\n\t\t\t\t\t<\/div>\n\t\t<\/div>\n\t\t\t\t\t<\/div>\n\t\t<\/section>\n\t\t\t\t<\/div>\n\t\t","protected":false},"excerpt":{"rendered":"<p>Information professionnelle Article d&rsquo;\u00e9tudes de cas Es begann im Gitterbett; Oswald PDF-Download Chemotherapie \u2013 ja oder nein; Hoffmann PDF-Download Stressregulierung f\u00fcr Heranwachsende; Malicet-Scheidler PDF-Download Verarbeitung der Angst Teil 1; Hoffmann PDF-Download Verarbeitung der Angst Teil 2; Hoffmann PDF-Download Neurodermitis Fallbericht; Meinhold PDF-Download Fallbeispiel einer Hyperthyreose-Behandlung; Beckmann PDF-Download Einblick in die Therapeutische Hypnose; Ehrle PDF-Download Voies [&hellip;]<\/p>\n","protected":false},"author":1,"featured_media":0,"parent":0,"menu_order":0,"comment_status":"closed","ping_status":"closed","template":"","meta":{"footnotes":""},"class_list":["post-4987","page","type-page","status-publish","hentry"],"_links":{"self":[{"href":"https:\/\/gth.ch\/fr\/wp-json\/wp\/v2\/pages\/4987","targetHints":{"allow":["GET"]}}],"collection":[{"href":"https:\/\/gth.ch\/fr\/wp-json\/wp\/v2\/pages"}],"about":[{"href":"https:\/\/gth.ch\/fr\/wp-json\/wp\/v2\/types\/page"}],"author":[{"embeddable":true,"href":"https:\/\/gth.ch\/fr\/wp-json\/wp\/v2\/users\/1"}],"replies":[{"embeddable":true,"href":"https:\/\/gth.ch\/fr\/wp-json\/wp\/v2\/comments?post=4987"}],"version-history":[{"count":9,"href":"https:\/\/gth.ch\/fr\/wp-json\/wp\/v2\/pages\/4987\/revisions"}],"predecessor-version":[{"id":5140,"href":"https:\/\/gth.ch\/fr\/wp-json\/wp\/v2\/pages\/4987\/revisions\/5140"}],"wp:attachment":[{"href":"https:\/\/gth.ch\/fr\/wp-json\/wp\/v2\/media?parent=4987"}],"curies":[{"name":"wp","href":"https:\/\/api.w.org\/{rel}","templated":true}]}}