{"id":4980,"date":"2022-03-21T20:37:52","date_gmt":"2022-03-21T19:37:52","guid":{"rendered":"https:\/\/gth.ch\/therapeutes-gth\/"},"modified":"2024-03-11T15:43:45","modified_gmt":"2024-03-11T14:43:45","slug":"therapeutes-gth","status":"publish","type":"page","link":"https:\/\/gth.ch\/fr\/therapeutes-gth\/","title":{"rendered":"Th\u00e9rapeutes GTH"},"content":{"rendered":"\t\t<div data-elementor-type=\"wp-page\" data-elementor-id=\"4980\" class=\"elementor elementor-4980 elementor-2581\" data-elementor-post-type=\"page\">\n\t\t\t\t\t\t<section class=\"elementor-section elementor-top-section elementor-element elementor-element-9b8c6c0 elementor-section-boxed elementor-section-height-default elementor-section-height-default\" data-id=\"9b8c6c0\" data-element_type=\"section\" data-settings=\"{&quot;background_background&quot;:&quot;classic&quot;}\">\n\t\t\t\t\t\t<div class=\"elementor-container elementor-column-gap-default\">\n\t\t\t\t\t<div class=\"elementor-column elementor-col-100 elementor-top-column elementor-element elementor-element-b76518c\" data-id=\"b76518c\" data-element_type=\"column\">\n\t\t\t<div class=\"elementor-widget-wrap elementor-element-populated\">\n\t\t\t\t\t\t<div class=\"elementor-element elementor-element-2cd862c elementor-widget elementor-widget-spacer\" data-id=\"2cd862c\" data-element_type=\"widget\" data-widget_type=\"spacer.default\">\n\t\t\t\t<div class=\"elementor-widget-container\">\n\t\t\t\t\t<div class=\"elementor-spacer\">\n\t\t\t<div class=\"elementor-spacer-inner\"><\/div>\n\t\t<\/div>\n\t\t\t\t<\/div>\n\t\t\t\t<\/div>\n\t\t\t\t<div class=\"elementor-element elementor-element-82a2711 elementor-widget elementor-widget-heading\" data-id=\"82a2711\" data-element_type=\"widget\" data-widget_type=\"heading.default\">\n\t\t\t\t<div class=\"elementor-widget-container\">\n\t\t\t<h2 class=\"elementor-heading-title elementor-size-default\">Th\u00e9rapeutes GTH<\/h2>\t\t<\/div>\n\t\t\t\t<\/div>\n\t\t\t\t<div class=\"elementor-element elementor-element-37188be elementor-widget elementor-widget-spacer\" data-id=\"37188be\" data-element_type=\"widget\" data-widget_type=\"spacer.default\">\n\t\t\t\t<div class=\"elementor-widget-container\">\n\t\t\t\t\t<div class=\"elementor-spacer\">\n\t\t\t<div class=\"elementor-spacer-inner\"><\/div>\n\t\t<\/div>\n\t\t\t\t<\/div>\n\t\t\t\t<\/div>\n\t\t\t\t<section class=\"elementor-section elementor-inner-section elementor-element elementor-element-870850a elementor-section-boxed elementor-section-height-default elementor-section-height-default\" data-id=\"870850a\" data-element_type=\"section\">\n\t\t\t\t\t\t<div class=\"elementor-container elementor-column-gap-default\">\n\t\t\t\t\t<div class=\"elementor-column elementor-col-50 elementor-inner-column elementor-element elementor-element-4f34043\" data-id=\"4f34043\" data-element_type=\"column\" data-settings=\"{&quot;background_background&quot;:&quot;classic&quot;}\">\n\t\t\t<div class=\"elementor-widget-wrap elementor-element-populated\">\n\t\t\t\t\t\t<div class=\"elementor-element elementor-element-e87a4b9 elementor-widget elementor-widget-text-editor\" data-id=\"e87a4b9\" data-element_type=\"widget\" data-widget_type=\"text-editor.default\">\n\t\t\t\t<div class=\"elementor-widget-container\">\n\t\t\t\t\t\t\t<p style=\"caret-color: #000000; color: #000000;\"><span style=\"text-decoration: underline; color: #5976af;\"><strong>Ville de ZURICH<\/strong><\/span><\/p>\n<p style=\"caret-color: #000000; color: #000000;\"><strong>Training autog\u00e8ne et<\/strong><\/p>\n<p style=\"caret-color: #000000; color: #000000;\"><strong>Hypnose analytique de la psychologie profonde<\/strong><\/p>\n<p style=\"caret-color: #000000; color: #000000;\"><span style=\"color: #333333;\">Silvana Ceschi<\/span><\/p>\n<p style=\"caret-color: #000000; color: #000000;\"><span style=\"color: #333333;\">8005 Z\u00fcrich<\/span><\/p>\n<p style=\"caret-color: #000000; color: #000000;\"><span style=\"color: #333333;\"><a style=\"color: #333333; text-decoration: underline;\" href=\"mailto:silvana.ceschi@gth.ch\">silvana.ceschi@gth.ch<\/a><\/span><\/p>\n<p style=\"caret-color: #000000; color: #000000;\"><span style=\"color: #333333;\"><span style=\"text-decoration: underline;\"><a style=\"color: #333333; text-decoration: underline;\" href=\"http:\/\/www.sihlmed.ch\/\">www.sihlmed.ch<\/a><\/span><\/span><\/p>\n<p><span style=\"text-decoration: underline;\"><span style=\"color: #000000;\"><a style=\"color: #000000; text-decoration: underline;\" href=\"http:\/\/www.silvana-ceschi.ch\">www.silvana-ceschi.ch<\/a><\/span><\/span><\/p>\n<\/p>\n<p style=\"caret-color: #000000; color: #000000;\"><strong>Training<\/strong> <strong>autog\u00e8ne<\/strong> et<\/p>\n<p style=\"caret-color: #000000; color: #000000;\"><strong>Hypnose analytique de la psychologie profonde<\/strong><\/p>\n<p style=\"caret-color: #000000; color: #000000;\"><span style=\"color: #333333;\">Elsbeth Eichholzer<\/span><\/p>\n<p style=\"caret-color: #000000; color: #000000;\"><span style=\"color: #333333;\">Mentalwaves<\/span><\/p>\n<p style=\"caret-color: #000000; color: #000000;\"><span style=\"color: #333333;\"><a style=\"color: #333333;\" href=\"mailto:info@mentalwaves.ch\"><span style=\"text-decoration: underline;\">info@mentalwaves.ch<\/span><\/a><\/span><\/p>\n<p style=\"caret-color: #000000; color: #000000;\"><span style=\"color: #333333;\"><span style=\"text-decoration: underline;\"><a style=\"color: #333333; text-decoration: underline;\" href=\"http:\/\/www.mentalwaves.ch\/\">www.mentalwaves.ch<\/a><\/span><\/span><\/p>\n<\/p>\n<p><strong>Training autog\u00e8ne<\/strong><\/p>\n<p>Tania Kim Baier Humbel<\/p>\n<p><span style=\"text-decoration: underline;\"><span style=\"color: #000000; text-decoration: underline;\"><a style=\"color: #000000; text-decoration: underline;\" href=\"mailto:grenadine@praxis-grenadine.ch\">g<\/a><\/span><span style=\"color: #000000; text-decoration: underline;\"><a style=\"color: #000000; text-decoration: underline;\" href=\"mailto:grenadine@praxis-grenadine.ch\">renadine@praxis-grenadine.ch <\/a><\/span> <\/span><\/p>\n<p><span style=\"text-decoration: underline;\"><a href=\"http:\/\/www.naturheilpraxis-grenadine.ch\"><span style=\"color: #000000; text-decoration: underline;\">www.naturheilpraxis-grenadine.ch<\/span><\/a><\/span><\/p>\n<p style=\"caret-color: #000000; color: #000000;\"><span style=\"color: #333333;\"> <\/span><\/p>\n<p style=\"caret-color: #000000; color: #000000;\"><span style=\"text-decoration: underline; color: #5976af;\"><strong>M\u00c4NNEDORF<\/strong><\/span><\/p>\n<p style=\"caret-color: #000000; color: #000000;\"><strong>Training autog\u00e8ne et<\/strong><\/p>\n<p style=\"caret-color: #000000; color: #000000;\"><strong>Hypnose analytique de la psychologie profonde<\/strong><\/p>\n<p style=\"caret-color: #000000; color: #000000;\"><span style=\"color: #333333;\">Claudia Manzini Egger<\/span><\/p>\n<p style=\"caret-color: #000000; color: #000000;\"><span style=\"color: #333333;\">ATHYPNO<\/span><\/p>\n<p style=\"caret-color: #000000; color: #000000;\"><span style=\"color: #333333;\"><a style=\"color: #333333;\" href=\"mailto:claudia@athypno.ch\"><span style=\"text-decoration: underline;\">claudia@athypno.ch<\/span><\/a><\/span><\/p>\n<p style=\"caret-color: #000000; color: #000000;\"><span style=\"text-decoration: underline; color: #333333;\"><a style=\"color: #333333; text-decoration: underline;\" href=\"http:\/\/www.athypno.ch\/\">www.athypno.ch<\/a><\/span><\/p>\n<\/p>\n<p><span style=\"text-decoration: underline; color: #5976af;\"><strong>WINTERTHUR<\/strong><\/span><\/p>\n<p style=\"caret-color: #000000; color: #000000;\"><strong>Training autog\u00e8ne et<\/strong><\/p>\n<p style=\"caret-color: #000000; color: #000000;\"><strong>Hypnose analytique de la psychologie profonde<\/strong><\/p>\n<p style=\"caret-color: #000000; color: #000000;\"><span style=\"color: #333333;\">Ulrike Saacke<\/span><\/p>\n<p style=\"caret-color: #000000; color: #000000;\"><span style=\"color: #333333;\">Hypnose Winterthur<\/span><\/p>\n<p style=\"caret-color: #000000; color: #000000;\"><span style=\"text-decoration: underline; color: #333333;\"><a style=\"color: #333333; text-decoration: underline;\" href=\"mailto:info@hypnosewinterthur.ch\">info@hypnosewinterthur.ch<\/a><\/span><\/p>\n<p style=\"caret-color: #000000; color: #000000;\"><span style=\"color: #333333;\"><a style=\"color: #333333;\" href=\"http:\/\/www.hypnosewinterthur.ch\/\"><span style=\"text-decoration: underline;\">www.hypnosewinterthur.ch<\/span><\/a><\/span><\/p>\n<\/p>\n<p style=\"caret-color: #000000; color: #000000;\"><span style=\"text-decoration: underline; color: #5976af;\"><strong>GOSSAU ZH<\/strong><\/span><\/p>\n<p style=\"caret-color: #000000; color: #000000;\"><strong>Training autog\u00e8ne et<\/strong><\/p>\n<p style=\"caret-color: #000000; color: #000000;\"><strong>Hypnose analytique de la psychologie profonde<\/strong><\/p>\n<p style=\"caret-color: #000000; color: #000000;\"><span style=\"color: #333333;\">Claudia Ramseier<\/span><\/p>\n<p style=\"caret-color: #000000; color: #000000;\"><span style=\"color: #333333;\">Kraftplatz<\/span><\/p>\n<p style=\"caret-color: #000000; color: #000000;\"><span style=\"color: #333333;\"><a style=\"color: #333333; text-decoration: underline;\" href=\"mailto:c.carpe.diem@hotmail.com\">c.carpe.diem@hotmail.com<\/a><\/span><\/p>\n<p style=\"caret-color: #000000; color: #000000;\"><span style=\"color: #333333;\"><a style=\"color: #333333; text-decoration: underline;\" href=\"http:\/\/www.kraft-platz.ch\/\">www.kraft-platz.ch<\/a><\/span><\/p>\n<\/p>\n<p style=\"caret-color: #000000; color: #000000;\"><span style=\"text-decoration: underline; color: #5976af;\"><strong>VOLKERTSHAUSEN<\/strong><\/span><\/p>\n<p style=\"caret-color: #000000; color: #000000;\"><strong>Training autog\u00e8ne et<\/strong><\/p>\n<p style=\"caret-color: #000000; color: #000000;\"><strong>Hypnose analytique de la psychologie profonde<\/strong><\/p>\n<p style=\"caret-color: #000000; color: #000000;\"><span style=\"color: #333333;\">Anjo Malicet-Scheidler<\/span><\/p>\n<p style=\"caret-color: #000000; color: #000000;\"><span style=\"text-decoration: underline; color: #333333;\"><a style=\"color: #333333; text-decoration: underline;\" href=\"mailto:heilhypnose@t-online.de\">heilhypnose@t-online.de<\/a><\/span><\/p>\n<p style=\"caret-color: #000000; color: #000000;\"><span style=\"color: #333333;\"><span style=\"text-decoration: underline;\"><a style=\"color: #333333; text-decoration: underline;\" href=\"http:\/\/www.hypnosetherapie-at.de\/\">www.hypnosetherapie-at.de<\/a><\/span><\/span><\/p>\n<p style=\"caret-color: #000000; color: #000000;\"><span style=\"color: #333333;\"> <\/span><\/p>\n<p style=\"caret-color: #000000; color: #000000;\"><span style=\"color: #333333;\"> <\/span><\/p>\n<p style=\"caret-color: #000000; color: #000000;\">\n\t\t\t\t\t\t<\/div>\n\t\t\t\t<\/div>\n\t\t\t\t\t<\/div>\n\t\t<\/div>\n\t\t\t\t<div class=\"elementor-column elementor-col-50 elementor-inner-column elementor-element elementor-element-ccad365\" data-id=\"ccad365\" data-element_type=\"column\">\n\t\t\t<div class=\"elementor-widget-wrap\">\n\t\t\t\t\t\t\t<\/div>\n\t\t<\/div>\n\t\t\t\t\t<\/div>\n\t\t<\/section>\n\t\t\t\t\t<\/div>\n\t\t<\/div>\n\t\t\t\t\t<\/div>\n\t\t<\/section>\n\t\t\t\t<section class=\"elementor-section elementor-top-section elementor-element elementor-element-21f1d15 elementor-section-boxed elementor-section-height-default elementor-section-height-default\" data-id=\"21f1d15\" data-element_type=\"section\" data-settings=\"{&quot;background_background&quot;:&quot;classic&quot;}\">\n\t\t\t\t\t\t<div class=\"elementor-container elementor-column-gap-default\">\n\t\t\t\t\t<div class=\"elementor-column elementor-col-100 elementor-top-column elementor-element elementor-element-636d852\" data-id=\"636d852\" data-element_type=\"column\">\n\t\t\t<div class=\"elementor-widget-wrap\">\n\t\t\t\t\t\t\t<\/div>\n\t\t<\/div>\n\t\t\t\t\t<\/div>\n\t\t<\/section>\n\t\t\t\t<section class=\"elementor-section elementor-top-section elementor-element elementor-element-6403d5c elementor-section-boxed elementor-section-height-default elementor-section-height-default\" data-id=\"6403d5c\" data-element_type=\"section\" data-settings=\"{&quot;background_background&quot;:&quot;classic&quot;}\">\n\t\t\t\t\t\t<div class=\"elementor-container elementor-column-gap-default\">\n\t\t\t\t\t<div class=\"elementor-column elementor-col-100 elementor-top-column elementor-element elementor-element-d8585ef\" data-id=\"d8585ef\" data-element_type=\"column\">\n\t\t\t<div class=\"elementor-widget-wrap\">\n\t\t\t\t\t\t\t<\/div>\n\t\t<\/div>\n\t\t\t\t\t<\/div>\n\t\t<\/section>\n\t\t\t\t<\/div>\n\t\t","protected":false},"excerpt":{"rendered":"<p>Th\u00e9rapeutes GTH Ville de ZURICH Training autog\u00e8ne et Hypnose analytique de la psychologie profonde Silvana Ceschi 8005 Z\u00fcrich silvana.ceschi@gth.ch www.sihlmed.ch www.silvana-ceschi.ch Training autog\u00e8ne et Hypnose analytique de la psychologie profonde Elsbeth Eichholzer Mentalwaves info@mentalwaves.ch www.mentalwaves.ch Training autog\u00e8ne Tania Kim Baier Humbel grenadine@praxis-grenadine.ch www.naturheilpraxis-grenadine.ch M\u00c4NNEDORF Training autog\u00e8ne et Hypnose analytique de la psychologie profonde Claudia Manzini [&hellip;]<\/p>\n","protected":false},"author":3,"featured_media":4740,"parent":0,"menu_order":0,"comment_status":"closed","ping_status":"closed","template":"","meta":{"footnotes":""},"class_list":["post-4980","page","type-page","status-publish","has-post-thumbnail","hentry"],"_links":{"self":[{"href":"https:\/\/gth.ch\/fr\/wp-json\/wp\/v2\/pages\/4980","targetHints":{"allow":["GET"]}}],"collection":[{"href":"https:\/\/gth.ch\/fr\/wp-json\/wp\/v2\/pages"}],"about":[{"href":"https:\/\/gth.ch\/fr\/wp-json\/wp\/v2\/types\/page"}],"author":[{"embeddable":true,"href":"https:\/\/gth.ch\/fr\/wp-json\/wp\/v2\/users\/3"}],"replies":[{"embeddable":true,"href":"https:\/\/gth.ch\/fr\/wp-json\/wp\/v2\/comments?post=4980"}],"version-history":[{"count":1,"href":"https:\/\/gth.ch\/fr\/wp-json\/wp\/v2\/pages\/4980\/revisions"}],"predecessor-version":[{"id":4981,"href":"https:\/\/gth.ch\/fr\/wp-json\/wp\/v2\/pages\/4980\/revisions\/4981"}],"wp:featuredmedia":[{"embeddable":true,"href":"https:\/\/gth.ch\/fr\/wp-json\/wp\/v2\/media\/4740"}],"wp:attachment":[{"href":"https:\/\/gth.ch\/fr\/wp-json\/wp\/v2\/media?parent=4980"}],"curies":[{"name":"wp","href":"https:\/\/api.w.org\/{rel}","templated":true}]}}