{"id":4848,"date":"2020-01-15T08:56:18","date_gmt":"2020-01-15T07:56:18","guid":{"rendered":"https:\/\/gth.ch\/rendez-vous\/"},"modified":"2024-04-03T11:09:57","modified_gmt":"2024-04-03T09:09:57","slug":"rendez-vous","status":"publish","type":"page","link":"https:\/\/gth.ch\/fr\/rendez-vous\/","title":{"rendered":"Rendez-vous"},"content":{"rendered":"\t\t<div data-elementor-type=\"wp-page\" data-elementor-id=\"4848\" class=\"elementor elementor-4848 elementor-29\" data-elementor-post-type=\"page\">\n\t\t\t\t\t\t<section class=\"elementor-section elementor-top-section elementor-element elementor-element-7a7598cf elementor-section-boxed elementor-section-height-default elementor-section-height-default\" data-id=\"7a7598cf\" data-element_type=\"section\" data-settings=\"{&quot;background_background&quot;:&quot;classic&quot;}\">\n\t\t\t\t\t\t<div class=\"elementor-container elementor-column-gap-default\">\n\t\t\t\t\t<div class=\"elementor-column elementor-col-100 elementor-top-column elementor-element elementor-element-7eb4af8f\" data-id=\"7eb4af8f\" data-element_type=\"column\">\n\t\t\t<div class=\"elementor-widget-wrap elementor-element-populated\">\n\t\t\t\t\t\t<div class=\"elementor-element elementor-element-7294f6cb elementor-widget elementor-widget-heading\" data-id=\"7294f6cb\" data-element_type=\"widget\" data-widget_type=\"heading.default\">\n\t\t\t\t<div class=\"elementor-widget-container\">\n\t\t\t<h2 class=\"elementor-heading-title elementor-size-default\">Prochain d\u00e9but de formation : <br>6. Avril 2024<\/h2>\t\t<\/div>\n\t\t\t\t<\/div>\n\t\t\t\t\t<\/div>\n\t\t<\/div>\n\t\t\t\t\t<\/div>\n\t\t<\/section>\n\t\t\t\t<section class=\"elementor-section elementor-top-section elementor-element elementor-element-93bc935 elementor-section-boxed elementor-section-height-default elementor-section-height-default\" data-id=\"93bc935\" data-element_type=\"section\">\n\t\t\t\t\t\t<div class=\"elementor-container elementor-column-gap-default\">\n\t\t\t\t\t<div class=\"elementor-column elementor-col-100 elementor-top-column elementor-element elementor-element-33736d3\" data-id=\"33736d3\" data-element_type=\"column\">\n\t\t\t<div class=\"elementor-widget-wrap elementor-element-populated\">\n\t\t\t\t\t\t<div class=\"elementor-element elementor-element-4de377b elementor-widget elementor-widget-mosaix_widget_news\" data-id=\"4de377b\" data-element_type=\"widget\" data-widget_type=\"mosaix_widget_news.default\">\n\t\t\t\t<div class=\"elementor-widget-container\">\n\t\t\t\n<div class=\"mosaix-widget widget-news\">\n\t<div class=\"widget-inner\">\n\t\t<div class=\"widget-container\">\n\t\t\t<h3>Kosten pro Wochenende<\/h3>\n\t\t\t<p>190.\u2013 CHF f\u00fcr GTH-Mitglieder |\n230.\u2013 CHF f\u00fcr Wiederholer |\n590.\u2013 CHF f\u00fcr Nichtmitglieder \n\n\n\n<\/p>\n\t\t\t<p class=\"line dark\">\n\t\t\t\t<a href=\"https:\/\/gth.ch\/mitglied-werden\/\" class=\"link dark darkest\">\n\t\t\t\t\tMitglied der GTH Schweiz werden\n\t\t\t\t<\/a>\n\t\t\t<\/p>\n\t\t<\/div>\n\t<\/div>\n<\/div>\t\t<\/div>\n\t\t\t\t<\/div>\n\t\t\t\t\t<\/div>\n\t\t<\/div>\n\t\t\t\t\t<\/div>\n\t\t<\/section>\n\t\t\t\t<section class=\"elementor-section elementor-top-section elementor-element elementor-element-233f02c elementor-section-boxed elementor-section-height-default elementor-section-height-default\" data-id=\"233f02c\" data-element_type=\"section\">\n\t\t\t\t\t\t<div class=\"elementor-container elementor-column-gap-default\">\n\t\t\t\t\t<div class=\"elementor-column elementor-col-100 elementor-top-column elementor-element elementor-element-af27197\" data-id=\"af27197\" data-element_type=\"column\">\n\t\t\t<div class=\"elementor-widget-wrap elementor-element-populated\">\n\t\t\t\t\t\t<section class=\"elementor-section elementor-inner-section elementor-element elementor-element-e45d612 elementor-section-boxed elementor-section-height-default elementor-section-height-default\" data-id=\"e45d612\" data-element_type=\"section\">\n\t\t\t\t\t\t<div class=\"elementor-container elementor-column-gap-default\">\n\t\t\t\t\t<div class=\"elementor-column elementor-col-100 elementor-inner-column elementor-element elementor-element-5b0c53c\" data-id=\"5b0c53c\" data-element_type=\"column\">\n\t\t\t<div class=\"elementor-widget-wrap elementor-element-populated\">\n\t\t\t\t\t\t<div class=\"elementor-element elementor-element-fdf5502 elementor-widget elementor-widget-mosaix_widget_seminar\" data-id=\"fdf5502\" data-element_type=\"widget\" data-widget_type=\"mosaix_widget_seminar.default\">\n\t\t\t\t<div class=\"elementor-widget-container\">\n\t\t\t\n<div class=\"mosaix-widget widget-seminar extern\">\n\t<div class=\"top-box\">\n\t\t<h5>\u00d6ffentliche Seminare<\/h5>\n\t\t<div class=\"down-toggl\">\n\t\t\t<span><\/span>\n\t\t<\/div>\n\t<\/div>\n\t<div class=\"center-box\">\n\t\t<p style='color:white;padding:29px 34px 34px 34px;'>Momentan sind keine Seminare verf\u00fcgbar.<\/p>\n\t<\/div>\n\t<div class=\"bottom-box\"><\/div>\n<\/div>\n<div class=\"mosaix-widget widget-seminar intern\">\n\t<div class=\"top-box\">\n\t\t<h5>Seminare des Diplom-Lehrgangs<\/h5>\n\t\t<div class=\"down-toggl\">\n\t\t\t<span><\/span>\n\t\t<\/div>\n\t<\/div>\n\t<div class=\"center-box\">\n\t\t<div class=\"seminar_single\"><div class=\"seminar_single_bar\"><div><h3>Modul 1: Autogenes Training und psycho-physiologische Grundlagen<\/h3><\/div><div><h3>26. April bis<br>16. Mai 2026<\/h3><\/div><\/div><div class=\"seminar_single_content\"><p>Dieses Modul richtet sich an KursteilnehmerInnen, die die Ausbildung zum\/zur \u00abSeminarleiterIn Autogenes Training GTH\u00bb (ASCA und EMR anerkannt ) und\/oder die Ausbildung zum \u00abTiefenpsychologisch-Analytische Hypnosetherapeutin GTH\u00bb (ASCA anerkannt) absolvieren m\u00f6chten .\r\nDieses Diplom beinhaltet zus\u00e4tzlich psycho-physiologische Grundlagen, welche nur durch die GTH in \r\ndiesem Package vermittelt werden. Wir nennen unser Seminar deshalb \u00abAutogenes Training PLUS\u00bb.<\/p><p class=\"line dark\"><a href=\"https:\/\/gth.ch\/wp-content\/uploads\/2026\/02\/GTH-H.I.T.T.-Bild-zusammengefugt.pdf\" class=\"link dark\" target=\"_blank\">Download Infoblatt (PDF)<\/a><\/p><\/div><div class=\"seminar_single_aside\"><p>195 Stunden<\/p><p>max. 12 Teilnehmer<\/p><p><a href=\"\/anmeldung\/\" class=\"animated-button\">Anmeldung<\/a><\/p><\/div><\/div><div class=\"seminar_single\"><div class=\"seminar_single_bar\"><div><h3>Modul 2 &#038; 3: Tiefenpsychologische Entwicklungslehre &#038; Hypno-Integrative-Tiefenpsychologische Therapie &#8211; genaue Daten folgen<\/h3><\/div><div><h3>6. Juni bis<br>11. M\u00e4rz 2028<\/h3><\/div><\/div><div class=\"seminar_single_content\"><p>Diese beiden Module vermitteln ein vertieftes und fundiertes Verst\u00e4ndnis der H.I.T.T.\u00ae sowie der verschiedenen Entwicklungsphasen. Sie bauen systematisch aufeinander auf und erm\u00f6glichen es den Teilnehmenden, sowohl die theoretischen Grundlagen als auch deren praktische Anwendung zu erfassen. Durch die intensive Auseinandersetzung mit den Inhalten wird ein klarer \u00dcberblick \u00fcber Zusammenh\u00e4nge, Prozesse und Entwicklungsschritte geschaffen. Dadurch werden die Teilnehmenden bef\u00e4higt, das erworbene Wissen reflektiert anzuwenden und die Entwicklungsphasen sicher zu analysieren und einzuordnen.<\/p><p class=\"line dark\"><a href=\"https:\/\/gth.ch\/wp-content\/uploads\/2026\/02\/GTH-MODUL-2-3-Juni-2026-zusammengefugt-1.pdf\" class=\"link dark\" target=\"_blank\">Download Infoblatt (PDF)<\/a><\/p><\/div><div class=\"seminar_single_aside\"><p>288 Stunden<\/p><p>max. 12 Teilnehmer<\/p><p><a href=\"\/anmeldung\/\" class=\"animated-button\">Anmeldung<\/a><\/p><\/div><\/div>\n\t<\/div>\n\t<div class=\"bottom-box\"><\/div>\n<\/div>\t\t<\/div>\n\t\t\t\t<\/div>\n\t\t\t\t\t<\/div>\n\t\t<\/div>\n\t\t\t\t\t<\/div>\n\t\t<\/section>\n\t\t\t\t\t<\/div>\n\t\t<\/div>\n\t\t\t\t\t<\/div>\n\t\t<\/section>\n\t\t\t\t<section class=\"elementor-section elementor-top-section elementor-element elementor-element-04af6a0 elementor-section-boxed elementor-section-height-default elementor-section-height-default\" data-id=\"04af6a0\" data-element_type=\"section\">\n\t\t\t\t\t\t<div class=\"elementor-container elementor-column-gap-default\">\n\t\t\t\t\t<div class=\"elementor-column elementor-col-100 elementor-top-column elementor-element elementor-element-d845ed3\" data-id=\"d845ed3\" data-element_type=\"column\">\n\t\t\t<div class=\"elementor-widget-wrap elementor-element-populated\">\n\t\t\t\t\t\t<div class=\"elementor-element elementor-element-9958a27 elementor-widget elementor-widget-image\" data-id=\"9958a27\" data-element_type=\"widget\" data-widget_type=\"image.default\">\n\t\t\t\t<div class=\"elementor-widget-container\">\n\t\t\t\t\t\t\t\t\t\t\t\t\t<img decoding=\"async\" src=\"https:\/\/gth.ch\/wp-content\/uploads\/2024\/03\/Daten-AT-2024-Screenshot.jpg\" title=\"\" alt=\"\" loading=\"lazy\" \/>\t\t\t\t\t\t\t\t\t\t\t\t\t<\/div>\n\t\t\t\t<\/div>\n\t\t\t\t\t<\/div>\n\t\t<\/div>\n\t\t\t\t\t<\/div>\n\t\t<\/section>\n\t\t\t\t<section class=\"elementor-section elementor-top-section elementor-element elementor-element-4cda226 elementor-section-boxed elementor-section-height-default elementor-section-height-default\" data-id=\"4cda226\" data-element_type=\"section\">\n\t\t\t\t\t\t<div class=\"elementor-container elementor-column-gap-default\">\n\t\t\t\t\t<div class=\"elementor-column elementor-col-100 elementor-top-column elementor-element elementor-element-274e7b7\" data-id=\"274e7b7\" data-element_type=\"column\">\n\t\t\t<div class=\"elementor-widget-wrap elementor-element-populated\">\n\t\t\t\t\t\t<div class=\"elementor-element elementor-element-0395f5d elementor-widget elementor-widget-image\" data-id=\"0395f5d\" data-element_type=\"widget\" data-widget_type=\"image.default\">\n\t\t\t\t<div class=\"elementor-widget-container\">\n\t\t\t\t\t\t\t\t\t\t\t\t\t<img decoding=\"async\" src=\"https:\/\/gth.ch\/wp-content\/uploads\/2024\/03\/Screenshot-Daten-Modul-2-3.jpg\" title=\"\" alt=\"\" loading=\"lazy\" \/>\t\t\t\t\t\t\t\t\t\t\t\t\t<\/div>\n\t\t\t\t<\/div>\n\t\t\t\t\t<\/div>\n\t\t<\/div>\n\t\t\t\t\t<\/div>\n\t\t<\/section>\n\t\t\t\t<section class=\"elementor-section elementor-top-section elementor-element elementor-element-87874f4 elementor-section-boxed elementor-section-height-default elementor-section-height-default\" data-id=\"87874f4\" data-element_type=\"section\">\n\t\t\t\t\t\t<div class=\"elementor-container elementor-column-gap-default\">\n\t\t\t\t\t<div class=\"elementor-column elementor-col-100 elementor-top-column elementor-element elementor-element-64474a5\" data-id=\"64474a5\" data-element_type=\"column\">\n\t\t\t<div class=\"elementor-widget-wrap elementor-element-populated\">\n\t\t\t\t\t\t<section class=\"elementor-section elementor-inner-section elementor-element elementor-element-f2a2522 elementor-section-boxed elementor-section-height-default elementor-section-height-default\" data-id=\"f2a2522\" data-element_type=\"section\">\n\t\t\t\t\t\t<div class=\"elementor-container elementor-column-gap-default\">\n\t\t\t\t\t<div class=\"elementor-column elementor-col-50 elementor-inner-column elementor-element elementor-element-6973a7f\" data-id=\"6973a7f\" data-element_type=\"column\">\n\t\t\t<div class=\"elementor-widget-wrap elementor-element-populated\">\n\t\t\t\t\t\t<div class=\"elementor-element elementor-element-18ac950 elementor-widget elementor-widget-heading\" data-id=\"18ac950\" data-element_type=\"widget\" data-widget_type=\"heading.default\">\n\t\t\t\t<div class=\"elementor-widget-container\">\n\t\t\t<h3 class=\"elementor-heading-title elementor-size-default\">Autres s\u00e9minaires en pr\u00e9paration<\/h3>\t\t<\/div>\n\t\t\t\t<\/div>\n\t\t\t\t<div class=\"elementor-element elementor-element-d437c54 elementor-widget elementor-widget-text-editor\" data-id=\"d437c54\" data-element_type=\"widget\" data-widget_type=\"text-editor.default\">\n\t\t\t\t<div class=\"elementor-widget-container\">\n\t\t\t\t\t\t\t<p>D&rsquo;autres s\u00e9minaires sont actuellement pr\u00e9vus sur les th\u00e8mes de la pr\u00e9paration \u00e0 l&rsquo;accouchement, de l&rsquo;hypnose chez les enfants et du burnout.<\/p>\n\t\t\t\t\t\t<\/div>\n\t\t\t\t<\/div>\n\t\t\t\t\t<\/div>\n\t\t<\/div>\n\t\t\t\t<div class=\"elementor-column elementor-col-50 elementor-inner-column elementor-element elementor-element-0c40e18\" data-id=\"0c40e18\" data-element_type=\"column\">\n\t\t\t<div class=\"elementor-widget-wrap elementor-element-populated\">\n\t\t\t\t\t\t<div class=\"elementor-element elementor-element-949a709 elementor-widget elementor-widget-heading\" data-id=\"949a709\" data-element_type=\"widget\" data-widget_type=\"heading.default\">\n\t\t\t\t<div class=\"elementor-widget-container\">\n\t\t\t<h3 class=\"elementor-heading-title elementor-size-default\">Co\u00fbts par weekend<\/h3>\t\t<\/div>\n\t\t\t\t<\/div>\n\t\t\t\t<div class=\"elementor-element elementor-element-d269a89 elementor-widget elementor-widget-text-editor\" data-id=\"d269a89\" data-element_type=\"widget\" data-widget_type=\"text-editor.default\">\n\t\t\t\t<div class=\"elementor-widget-container\">\n\t\t\t\t\t\t\t<p>190 CHF au lieu de 590 CHF <br \/>pour les membres du GTH<\/p>\n<\/p>\n<p>230 CHF au lieu de 590 CHF <br \/>pour les r\u00e9p\u00e9titeurs (non-membres)<\/p>\n<\/p>\n<p>590 CHF pour les non-membres<\/p>\n\t\t\t\t\t\t<\/div>\n\t\t\t\t<\/div>\n\t\t\t\t<div class=\"elementor-element elementor-element-8307938 button-link line dark elementor-widget elementor-widget-button\" data-id=\"8307938\" data-element_type=\"widget\" data-widget_type=\"button.default\">\n\t\t\t\t<div class=\"elementor-widget-container\">\n\t\t\t\t\t<div class=\"elementor-button-wrapper\">\n\t\t\t<a class=\"elementor-button elementor-button-link elementor-size-sm\" href=\"https:\/\/gth.ch\/mitglied-werden\/\">\n\t\t\t\t\t\t<span class=\"elementor-button-content-wrapper\">\n\t\t\t\t\t\t\t\t\t<span class=\"elementor-button-text\">Devenir membre du GTH Suisse<\/span>\n\t\t\t\t\t<\/span>\n\t\t\t\t\t<\/a>\n\t\t<\/div>\n\t\t\t\t<\/div>\n\t\t\t\t<\/div>\n\t\t\t\t<div class=\"elementor-element elementor-element-02089ea button-link line dark elementor-widget elementor-widget-button\" data-id=\"02089ea\" data-element_type=\"widget\" data-widget_type=\"button.default\">\n\t\t\t\t<div class=\"elementor-widget-container\">\n\t\t\t\t\t<div class=\"elementor-button-wrapper\">\n\t\t\t<a class=\"elementor-button elementor-button-link elementor-size-sm\" href=\"https:\/\/gth.ch\/wp-content\/uploads\/2022\/06\/Aufnahmeantrag_GTH-Mitgliedschaft.pdf\" target=\"_blank\">\n\t\t\t\t\t\t<span class=\"elementor-button-content-wrapper\">\n\t\t\t\t\t\t\t\t\t<span class=\"elementor-button-text\">Demande d'adh\u00e9sion au GTH Suisse (PDF)<\/span>\n\t\t\t\t\t<\/span>\n\t\t\t\t\t<\/a>\n\t\t<\/div>\n\t\t\t\t<\/div>\n\t\t\t\t<\/div>\n\t\t\t\t\t<\/div>\n\t\t<\/div>\n\t\t\t\t\t<\/div>\n\t\t<\/section>\n\t\t\t\t\t<\/div>\n\t\t<\/div>\n\t\t\t\t\t<\/div>\n\t\t<\/section>\n\t\t\t\t<\/div>\n\t\t","protected":false},"excerpt":{"rendered":"<p>Prochain d\u00e9but de formation : 6. Avril 2024 Kosten pro Wochenende 190.\u2013 CHF f\u00fcr GTH-Mitglieder | 230.\u2013 CHF f\u00fcr Wiederholer | 590.\u2013 CHF f\u00fcr Nichtmitglieder Mitglied der GTH Schweiz werden \u00d6ffentliche Seminare Momentan sind keine Seminare verf\u00fcgbar. Seminare des Diplom-Lehrgangs Start: 11.03.23 > Modul 1: Autogenes Training und psycho-physiologische Grundlagen AKTUELLE TERMINE werden bekanntgegeben 11. [&hellip;]<\/p>\n","protected":false},"author":1,"featured_media":0,"parent":0,"menu_order":0,"comment_status":"closed","ping_status":"closed","template":"","meta":{"footnotes":""},"class_list":["post-4848","page","type-page","status-publish","hentry"],"_links":{"self":[{"href":"https:\/\/gth.ch\/fr\/wp-json\/wp\/v2\/pages\/4848","targetHints":{"allow":["GET"]}}],"collection":[{"href":"https:\/\/gth.ch\/fr\/wp-json\/wp\/v2\/pages"}],"about":[{"href":"https:\/\/gth.ch\/fr\/wp-json\/wp\/v2\/types\/page"}],"author":[{"embeddable":true,"href":"https:\/\/gth.ch\/fr\/wp-json\/wp\/v2\/users\/1"}],"replies":[{"embeddable":true,"href":"https:\/\/gth.ch\/fr\/wp-json\/wp\/v2\/comments?post=4848"}],"version-history":[{"count":7,"href":"https:\/\/gth.ch\/fr\/wp-json\/wp\/v2\/pages\/4848\/revisions"}],"predecessor-version":[{"id":5001,"href":"https:\/\/gth.ch\/fr\/wp-json\/wp\/v2\/pages\/4848\/revisions\/5001"}],"wp:attachment":[{"href":"https:\/\/gth.ch\/fr\/wp-json\/wp\/v2\/media?parent=4848"}],"curies":[{"name":"wp","href":"https:\/\/api.w.org\/{rel}","templated":true}]}}